{"id":8,"date":"2019-03-15T15:47:16","date_gmt":"2019-03-15T14:47:16","guid":{"rendered":"http:\/\/alexclim.eu\/?page_id=8"},"modified":"2019-03-15T17:50:34","modified_gmt":"2019-03-15T16:50:34","slug":"about","status":"publish","type":"page","link":"https:\/\/alexclim.eu\/index.php\/home\/about\/","title":{"rendered":"About"},"content":{"rendered":"<p><strong>ALEX CLIM<\/strong> est une entreprise de prestations de services destin\u00e9e aux entreprises et aux particuliers;<\/p>\n<p>Nous pouvons assurer l&#8217;entretien pr\u00e9ventif et curatif de votre installation de pompe \u00e0 chaleur ( Air-Eau, Air-Air ou Eau-Eau ) mais aussi la mise en service de ces \u00e9quipements.<\/p>\n<p>\u00a0<\/p>\n<hr class=\"wp-block-separator\" \/>\n<p>\u00a0<\/p>\n\n<p>Entreprise certifi\u00e9e pour la manipulation des fluides frigorig\u00e8nes de niv.5 par SOCOTEC<\/p>\n\n<p>\u00a0<\/p>\n\n<p>Entreprise agr\u00e9\u00e9 SAV <a href=\"https:\/\/www.atlantic.fr\/Climatiser-le-logement\/Climatisation-reversible-pour-plusieurs-pieces\"><span style=\"color: #ff0000;\">ATLANTIC<\/span> <span style=\"color: #3366ff;\">CLIMATISATION<\/span><\/a> et <a href=\"https:\/\/www.atlantic.fr\/Chauffer-le-logement\/Pompe-a-chaleur\"><span style=\"color: #ff0000;\">ATLANTIC<\/span> <span style=\"color: #3366ff;\">Pompes \u00e0 Chaleur<\/span><\/a><\/p>\n\n\n\n<p><\/p>\n","protected":false},"excerpt":{"rendered":"<p>ALEX CLIM est une entreprise de prestations de services destin\u00e9e aux entreprises et aux particuliers; Nous pouvons assurer l&#8217;entretien pr\u00e9ventif et [&hellip;]<\/p>\n","protected":false},"author":1,"featured_media":0,"parent":7,"menu_order":0,"comment_status":"closed","ping_status":"closed","template":"","meta":[],"_links":{"self":[{"href":"https:\/\/alexclim.eu\/index.php\/wp-json\/wp\/v2\/pages\/8"}],"collection":[{"href":"https:\/\/alexclim.eu\/index.php\/wp-json\/wp\/v2\/pages"}],"about":[{"href":"https:\/\/alexclim.eu\/index.php\/wp-json\/wp\/v2\/types\/page"}],"author":[{"embeddable":true,"href":"https:\/\/alexclim.eu\/index.php\/wp-json\/wp\/v2\/users\/1"}],"replies":[{"embeddable":true,"href":"https:\/\/alexclim.eu\/index.php\/wp-json\/wp\/v2\/comments?post=8"}],"version-history":[{"count":2,"href":"https:\/\/alexclim.eu\/index.php\/wp-json\/wp\/v2\/pages\/8\/revisions"}],"predecessor-version":[{"id":51,"href":"https:\/\/alexclim.eu\/index.php\/wp-json\/wp\/v2\/pages\/8\/revisions\/51"}],"up":[{"embeddable":true,"href":"https:\/\/alexclim.eu\/index.php\/wp-json\/wp\/v2\/pages\/7"}],"wp:attachment":[{"href":"https:\/\/alexclim.eu\/index.php\/wp-json\/wp\/v2\/media?parent=8"}],"curies":[{"name":"wp","href":"https:\/\/api.w.org\/{rel}","templated":true}]}}